{"id":2025,"date":"2023-12-20T15:48:20","date_gmt":"2023-12-20T20:48:20","guid":{"rendered":"https:\/\/parolaval.com\/?page_id=2025"},"modified":"2023-12-20T15:52:18","modified_gmt":"2023-12-20T20:52:18","slug":"privacy-policy","status":"publish","type":"page","link":"https:\/\/parolaval.com\/en\/privacy-policy\/","title":{"rendered":"Privacy Policy"},"content":{"rendered":"\t\t<div data-elementor-type=\"wp-page\" data-elementor-id=\"2025\" class=\"elementor elementor-2025 elementor-2024\" data-elementor-post-type=\"page\">\n\t\t\t\t\t\t<section class=\"elementor-section elementor-top-section elementor-element elementor-element-00a18e6 elementor-section-height-min-height elementor-section-items-top elementor-section-content-top elementor-section-stretched elementor-section-boxed elementor-section-height-default elementor-invisible\" data-id=\"00a18e6\" data-element_type=\"section\" data-e-type=\"section\" data-settings=\"{&quot;stretch_section&quot;:&quot;section-stretched&quot;,&quot;background_background&quot;:&quot;classic&quot;,&quot;animation&quot;:&quot;fadeIn&quot;}\">\n\t\t\t\t\t\t<div class=\"elementor-container elementor-column-gap-default\">\n\t\t\t\t\t<div class=\"elementor-column elementor-col-100 elementor-top-column elementor-element elementor-element-dcc1440\" data-id=\"dcc1440\" data-element_type=\"column\" data-e-type=\"column\">\n\t\t\t<div class=\"elementor-widget-wrap elementor-element-populated\">\n\t\t\t\t\t\t<section class=\"elementor-section elementor-inner-section elementor-element elementor-element-faa8e22 elementor-section-boxed elementor-section-height-default elementor-section-height-default\" data-id=\"faa8e22\" data-element_type=\"section\" data-e-type=\"section\">\n\t\t\t\t\t\t<div class=\"elementor-container elementor-column-gap-default\">\n\t\t\t\t\t<div class=\"elementor-column elementor-col-100 elementor-inner-column elementor-element elementor-element-c8409f1\" data-id=\"c8409f1\" data-element_type=\"column\" data-e-type=\"column\">\n\t\t\t<div class=\"elementor-widget-wrap elementor-element-populated\">\n\t\t\t\t\t\t<div class=\"elementor-element elementor-element-e77e3a9 elementor-widget elementor-widget-heading\" data-id=\"e77e3a9\" data-element_type=\"widget\" data-e-type=\"widget\" data-widget_type=\"heading.default\">\n\t\t\t\t<div class=\"elementor-widget-container\">\n\t\t\t\t\t<h1 class=\"elementor-heading-title elementor-size-default\">Privacy Policy<\/h1>\t\t\t\t<\/div>\n\t\t\t\t<\/div>\n\t\t\t\t<div class=\"elementor-element elementor-element-3a5c7b8 elementor-widget elementor-widget-text-editor\" data-id=\"3a5c7b8\" data-element_type=\"widget\" data-e-type=\"widget\" data-widget_type=\"text-editor.default\">\n\t\t\t\t<div class=\"elementor-widget-container\">\n\t\t\t\t\t\t\t\t\t<p>By using our website, you hereby consent to our Privacy Policy and agree to its terms.<\/p><p><b>Paro Laval<\/b> reserves the right to modify this policy at any time. Any modification will be published on the <b>Paro Laval<\/b> website. Your use of the <b>Paro Laval <\/b>\u00a0website\u00a0 following the posting of changes to the Privacy Policy constitutes acceptance of those changes.<\/p><p><b>\u00a0<\/b><\/p><p><b>Objectives of information collection<\/b><\/p><p>When using our website services, we collect your personal and confidential information only to enable us to provide you with the requested products\/services in an adequate and personalized manner. In all cases, the communication of your personal and confidential information will be subject to obligations to maintain confidentiality and compliance with applicable laws.<\/p><p><b>The following types of personal information may be collected, stored and used:<\/b><\/p><ul><li aria-level=\"1\">Information about your computer, including your IP address, browser type and version, and operating system;<\/li><li aria-level=\"1\">Information about your visits to and use of our websites including referring source, length of visit, page views, and website navigation paths;<\/li><li aria-level=\"1\">Information such as your email address that you provide to us when requesting information about our products\/services;<\/li><li aria-level=\"1\">Information generated during your use of our site, including when, how often and under what circumstances you use it;<\/li><li aria-level=\"1\">Information contained in any communications you send to us by email or on our website, including their contents and metadata;<\/li><li aria-level=\"1\">Any other personal information you provide to us.<\/li><\/ul><p><b>\u00a0<\/b><\/p><p><b>Cookies<\/b><\/p><p><b>Paro Laval <\/b>and its affiliated web services use cookies. Cookies are small data files stored on the memory of your computer or mobile device when you visit a website or application, with the aim of increasing your user experience by recording certain information data on your computer or device.<\/p><p>You can instruct your browser to refuse all cookies or to indicate when a cookie is being sent. However, if you do not accept cookies, you may not be able to use some portions of our website.<\/p><p><b>Examples of Cookies we use:<\/b><\/p><ul><li aria-level=\"1\">Session Cookies. We use Session Cookies to operate our website<\/li><li aria-level=\"1\">Preference Cookies. We use Preference Cookies to remember your preferences and various settings.<\/li><li aria-level=\"1\">Security Cookies. We use Security Cookies for security purposes.<\/li><\/ul><p><b>\u00a0<\/b><\/p><p><b>Google Analytics<\/b><\/p><p>Our website uses Google Analytics, a web analytics service provided by Google, Inc. The information generated by the cookie about your use of our website (including your IP address) will be transmitted to and stored by Google. Google will use this information for the purpose of evaluating your use of our website, compiling reports on website activity for website operators and providing other services relating to website activity and internet usage. Google may also transfer this information to third parties where required to do so by law, or where such third parties process the information on Google\u2019s behalf. Google will not associate your IP address with any other data held by Google.\u00a0 Further information about Google\u2019s privacy policy can be seen here.<\/p><p><b>\u00a0<\/b><\/p><p><b>User Rights<\/b><\/p><p>Our customers have the right to:<\/p><ul><li aria-level=\"1\">Request that a business that collects a consumer\u2019s personal data disclose the categories and specific pieces of personal data that a business has collected about consumers.<\/li><li aria-level=\"1\">Request that a business delete any personal data about the consumer that a business has collected.<\/li><li aria-level=\"1\">Request that a business that sells a consumer\u2019s personal data, not sell the consumer\u2019s personal data.<\/li><li aria-level=\"1\">If you wish for <b>Paro Laval <\/b>to remove and delete all of your personal contact and order information, you can request so by sending us an e-mail.<\/li><li aria-level=\"1\">If you make a request, we have 30 days to respond to you.<\/li><\/ul><p>If you would like to exercise any of these rights, please contact us.<\/p><p><b>\u00a0<\/b><\/p><p><b>How to Contact Us<\/b><\/p><p>If you have any concerns about your information or our privacy policy, please send an e-mail to: <b>Dr Yoon Oh<\/b>, <b>Periodontist <\/b>at <a href=\"mailto:info@parolaval.com\"><b>info@parolaval.com\u00a0<\/b><\/a><\/p>\t\t\t\t\t\t\t\t<\/div>\n\t\t\t\t<\/div>\n\t\t\t\t\t<\/div>\n\t\t<\/div>\n\t\t\t\t\t<\/div>\n\t\t<\/section>\n\t\t\t\t\t<\/div>\n\t\t<\/div>\n\t\t\t\t\t<\/div>\n\t\t<\/section>\n\t\t\t\t<\/div>\n\t\t","protected":false},"excerpt":{"rendered":"<p>Privacy Policy By using our website, you hereby consent to our Privacy Policy and agree to its terms. Paro Laval reserves the right to modify this policy at any time. Any modification will be published on the Paro Laval website. Your use of the Paro Laval \u00a0website\u00a0 following the posting of changes to the Privacy [&hellip;]<\/p>\n","protected":false},"author":3,"featured_media":1170,"parent":0,"menu_order":0,"comment_status":"closed","ping_status":"closed","template":"","meta":{"_acf_changed":false,"footnotes":""},"class_list":["post-2025","page","type-page","status-publish","has-post-thumbnail","hentry"],"acf":[],"yoast_head":"<!-- This site is optimized with the Yoast SEO plugin v27.2 - https:\/\/yoast.com\/product\/yoast-seo-wordpress\/ -->\n<title>\u00c0 propos | Paro Laval<\/title>\n<meta name=\"description\" content=\"Nous nous engageons \u00e0 atteindre et \u00e0 maintenir une sant\u00e9 bucco-dentaire optimale pour nos patients. D\u00e9couvrir notre \u00e9quipe.\" \/>\n<meta name=\"robots\" content=\"index, follow, max-snippet:-1, max-image-preview:large, max-video-preview:-1\" \/>\n<link rel=\"canonical\" href=\"https:\/\/parolaval.com\/en\/privacy-policy\/\" \/>\n<meta property=\"og:locale\" content=\"en_US\" \/>\n<meta property=\"og:type\" content=\"article\" \/>\n<meta property=\"og:title\" content=\"\u00c0 propos | Paro Laval\" \/>\n<meta property=\"og:description\" content=\"Nous nous engageons \u00e0 atteindre et \u00e0 maintenir une sant\u00e9 bucco-dentaire optimale pour nos patients. D\u00e9couvrir notre \u00e9quipe.\" \/>\n<meta property=\"og:url\" content=\"https:\/\/parolaval.com\/en\/privacy-policy\/\" \/>\n<meta property=\"og:site_name\" content=\"Paro Laval\" \/>\n<meta property=\"article:modified_time\" content=\"2023-12-20T20:52:18+00:00\" \/>\n<meta property=\"og:image\" content=\"https:\/\/parolaval.com\/wp-content\/uploads\/2023\/03\/groupe.webp\" \/>\n\t<meta property=\"og:image:width\" content=\"1556\" \/>\n\t<meta property=\"og:image:height\" content=\"1736\" \/>\n\t<meta property=\"og:image:type\" content=\"image\/webp\" \/>\n<meta name=\"twitter:card\" content=\"summary_large_image\" \/>\n<meta name=\"twitter:label1\" content=\"Est. reading time\" \/>\n\t<meta name=\"twitter:data1\" content=\"17 minutes\" \/>\n<script type=\"application\/ld+json\" class=\"yoast-schema-graph\">{\"@context\":\"https:\/\/schema.org\",\"@graph\":[{\"@type\":\"WebPage\",\"@id\":\"https:\/\/parolaval.com\/en\/privacy-policy\/\",\"url\":\"https:\/\/parolaval.com\/en\/privacy-policy\/\",\"name\":\"\u00c0 propos | Paro Laval\",\"isPartOf\":{\"@id\":\"https:\/\/parolaval.com\/en\/#website\"},\"primaryImageOfPage\":{\"@id\":\"https:\/\/parolaval.com\/en\/privacy-policy\/#primaryimage\"},\"image\":{\"@id\":\"https:\/\/parolaval.com\/en\/privacy-policy\/#primaryimage\"},\"thumbnailUrl\":\"https:\/\/parolaval.com\/wp-content\/uploads\/2023\/03\/groupe.webp\",\"datePublished\":\"2023-12-20T20:48:20+00:00\",\"dateModified\":\"2023-12-20T20:52:18+00:00\",\"description\":\"Nous nous engageons \u00e0 atteindre et \u00e0 maintenir une sant\u00e9 bucco-dentaire optimale pour nos patients. D\u00e9couvrir notre \u00e9quipe.\",\"breadcrumb\":{\"@id\":\"https:\/\/parolaval.com\/en\/privacy-policy\/#breadcrumb\"},\"inLanguage\":\"en-US\",\"potentialAction\":[{\"@type\":\"ReadAction\",\"target\":[\"https:\/\/parolaval.com\/en\/privacy-policy\/\"]}]},{\"@type\":\"ImageObject\",\"inLanguage\":\"en-US\",\"@id\":\"https:\/\/parolaval.com\/en\/privacy-policy\/#primaryimage\",\"url\":\"https:\/\/parolaval.com\/wp-content\/uploads\/2023\/03\/groupe.webp\",\"contentUrl\":\"https:\/\/parolaval.com\/wp-content\/uploads\/2023\/03\/groupe.webp\",\"width\":1556,\"height\":1736},{\"@type\":\"BreadcrumbList\",\"@id\":\"https:\/\/parolaval.com\/en\/privacy-policy\/#breadcrumb\",\"itemListElement\":[{\"@type\":\"ListItem\",\"position\":1,\"name\":\"Home\",\"item\":\"https:\/\/parolaval.com\/en\/\"},{\"@type\":\"ListItem\",\"position\":2,\"name\":\"Privacy Policy\"}]},{\"@type\":\"WebSite\",\"@id\":\"https:\/\/parolaval.com\/en\/#website\",\"url\":\"https:\/\/parolaval.com\/en\/\",\"name\":\"Paro Laval\",\"description\":\"Les Drs Barakat, Oh et Thibodeau ainsi que leur \u00e9quipe s\u2019engagent \u00e0 vous offrir un service professionnel et courtois, dans une ambiance amicale et chaleureuse.\",\"potentialAction\":[{\"@type\":\"SearchAction\",\"target\":{\"@type\":\"EntryPoint\",\"urlTemplate\":\"https:\/\/parolaval.com\/en\/?s={search_term_string}\"},\"query-input\":{\"@type\":\"PropertyValueSpecification\",\"valueRequired\":true,\"valueName\":\"search_term_string\"}}],\"inLanguage\":\"en-US\"}]}<\/script>\n<!-- \/ Yoast SEO plugin. -->","yoast_head_json":{"title":"\u00c0 propos | Paro Laval","description":"Nous nous engageons \u00e0 atteindre et \u00e0 maintenir une sant\u00e9 bucco-dentaire optimale pour nos patients. D\u00e9couvrir notre \u00e9quipe.","robots":{"index":"index","follow":"follow","max-snippet":"max-snippet:-1","max-image-preview":"max-image-preview:large","max-video-preview":"max-video-preview:-1"},"canonical":"https:\/\/parolaval.com\/en\/privacy-policy\/","og_locale":"en_US","og_type":"article","og_title":"\u00c0 propos | Paro Laval","og_description":"Nous nous engageons \u00e0 atteindre et \u00e0 maintenir une sant\u00e9 bucco-dentaire optimale pour nos patients. D\u00e9couvrir notre \u00e9quipe.","og_url":"https:\/\/parolaval.com\/en\/privacy-policy\/","og_site_name":"Paro Laval","article_modified_time":"2023-12-20T20:52:18+00:00","og_image":[{"width":1556,"height":1736,"url":"https:\/\/parolaval.com\/wp-content\/uploads\/2023\/03\/groupe.webp","type":"image\/webp"}],"twitter_card":"summary_large_image","twitter_misc":{"Est. reading time":"17 minutes"},"schema":{"@context":"https:\/\/schema.org","@graph":[{"@type":"WebPage","@id":"https:\/\/parolaval.com\/en\/privacy-policy\/","url":"https:\/\/parolaval.com\/en\/privacy-policy\/","name":"\u00c0 propos | Paro Laval","isPartOf":{"@id":"https:\/\/parolaval.com\/en\/#website"},"primaryImageOfPage":{"@id":"https:\/\/parolaval.com\/en\/privacy-policy\/#primaryimage"},"image":{"@id":"https:\/\/parolaval.com\/en\/privacy-policy\/#primaryimage"},"thumbnailUrl":"https:\/\/parolaval.com\/wp-content\/uploads\/2023\/03\/groupe.webp","datePublished":"2023-12-20T20:48:20+00:00","dateModified":"2023-12-20T20:52:18+00:00","description":"Nous nous engageons \u00e0 atteindre et \u00e0 maintenir une sant\u00e9 bucco-dentaire optimale pour nos patients. D\u00e9couvrir notre \u00e9quipe.","breadcrumb":{"@id":"https:\/\/parolaval.com\/en\/privacy-policy\/#breadcrumb"},"inLanguage":"en-US","potentialAction":[{"@type":"ReadAction","target":["https:\/\/parolaval.com\/en\/privacy-policy\/"]}]},{"@type":"ImageObject","inLanguage":"en-US","@id":"https:\/\/parolaval.com\/en\/privacy-policy\/#primaryimage","url":"https:\/\/parolaval.com\/wp-content\/uploads\/2023\/03\/groupe.webp","contentUrl":"https:\/\/parolaval.com\/wp-content\/uploads\/2023\/03\/groupe.webp","width":1556,"height":1736},{"@type":"BreadcrumbList","@id":"https:\/\/parolaval.com\/en\/privacy-policy\/#breadcrumb","itemListElement":[{"@type":"ListItem","position":1,"name":"Home","item":"https:\/\/parolaval.com\/en\/"},{"@type":"ListItem","position":2,"name":"Privacy Policy"}]},{"@type":"WebSite","@id":"https:\/\/parolaval.com\/en\/#website","url":"https:\/\/parolaval.com\/en\/","name":"Paro Laval","description":"Les Drs Barakat, Oh et Thibodeau ainsi que leur \u00e9quipe s\u2019engagent \u00e0 vous offrir un service professionnel et courtois, dans une ambiance amicale et chaleureuse.","potentialAction":[{"@type":"SearchAction","target":{"@type":"EntryPoint","urlTemplate":"https:\/\/parolaval.com\/en\/?s={search_term_string}"},"query-input":{"@type":"PropertyValueSpecification","valueRequired":true,"valueName":"search_term_string"}}],"inLanguage":"en-US"}]}},"_links":{"self":[{"href":"https:\/\/parolaval.com\/en\/wp-json\/wp\/v2\/pages\/2025","targetHints":{"allow":["GET"]}}],"collection":[{"href":"https:\/\/parolaval.com\/en\/wp-json\/wp\/v2\/pages"}],"about":[{"href":"https:\/\/parolaval.com\/en\/wp-json\/wp\/v2\/types\/page"}],"author":[{"embeddable":true,"href":"https:\/\/parolaval.com\/en\/wp-json\/wp\/v2\/users\/3"}],"replies":[{"embeddable":true,"href":"https:\/\/parolaval.com\/en\/wp-json\/wp\/v2\/comments?post=2025"}],"version-history":[{"count":9,"href":"https:\/\/parolaval.com\/en\/wp-json\/wp\/v2\/pages\/2025\/revisions"}],"predecessor-version":[{"id":2082,"href":"https:\/\/parolaval.com\/en\/wp-json\/wp\/v2\/pages\/2025\/revisions\/2082"}],"wp:featuredmedia":[{"embeddable":true,"href":"https:\/\/parolaval.com\/en\/wp-json\/wp\/v2\/media\/1170"}],"wp:attachment":[{"href":"https:\/\/parolaval.com\/en\/wp-json\/wp\/v2\/media?parent=2025"}],"curies":[{"name":"wp","href":"https:\/\/api.w.org\/{rel}","templated":true}]}}